{"id":1642,"date":"2023-01-04T15:54:56","date_gmt":"2023-01-04T15:54:56","guid":{"rendered":"https:\/\/www.univeris.com\/univeris-advisor\/demande-de-demonstration-dun-conseiller\/"},"modified":"2023-12-20T00:18:38","modified_gmt":"2023-12-20T00:18:38","slug":"demande-de-demonstration-dun-conseiller","status":"publish","type":"page","link":"https:\/\/www.univeris.com\/fr\/produits-univeris\/univeris-advisor\/demande-de-demonstration-dun-conseiller\/","title":{"rendered":"Demande de d\u00e9monstration d\u2019un conseiller"},"content":{"rendered":"<p>[et_pb_section fb_built=\u00a0\u00bb1&Prime; _builder_version=\u00a0\u00bb4.16&Prime; _module_preset=\u00a0\u00bbdefault\u00a0\u00bb background_color=\u00a0\u00bb#333E48&Prime; use_background_color_gradient=\u00a0\u00bbon\u00a0\u00bb background_color_gradient_direction=\u00a0\u00bb149deg\u00a0\u00bb background_color_gradient_stops=\u00a0\u00bb#004386 0%|#00b7c0 100%\u00a0\u00bb background_enable_pattern_style=\u00a0\u00bbon\u00a0\u00bb background_pattern_style=\u00a0\u00bbdiagonal-stripes\u00a0\u00bb background_pattern_color=\u00a0\u00bbrgba(193,214,219,0.02)\u00a0\u00bb background_pattern_horizontal_offset=\u00a0\u00bb0%\u00a0\u00bb da_disable_devices=\u00a0\u00bboff|off|off\u00a0\u00bb locked=\u00a0\u00bboff\u00a0\u00bb global_colors_info=\u00a0\u00bb{}\u00a0\u00bb da_is_popup=\u00a0\u00bboff\u00a0\u00bb da_exit_intent=\u00a0\u00bboff\u00a0\u00bb da_has_close=\u00a0\u00bbon\u00a0\u00bb da_alt_close=\u00a0\u00bboff\u00a0\u00bb da_dark_close=\u00a0\u00bboff\u00a0\u00bb da_not_modal=\u00a0\u00bbon\u00a0\u00bb da_is_singular=\u00a0\u00bboff\u00a0\u00bb da_with_loader=\u00a0\u00bboff\u00a0\u00bb da_has_shadow=\u00a0\u00bbon\u00a0\u00bb][et_pb_row _builder_version=\u00a0\u00bb4.16&Prime; _module_preset=\u00a0\u00bbdefault\u00a0\u00bb global_colors_info=\u00a0\u00bb{}\u00a0\u00bb][et_pb_column type=\u00a0\u00bb4_4&Prime; _builder_version=\u00a0\u00bb4.16&Prime; _module_preset=\u00a0\u00bbdefault\u00a0\u00bb global_colors_info=\u00a0\u00bb{}\u00a0\u00bb][et_pb_text _builder_version=\u00a0\u00bb4.20.0&Prime; _module_preset=\u00a0\u00bbdefault\u00a0\u00bb background_layout=\u00a0\u00bbdark\u00a0\u00bb custom_padding=\u00a0\u00bb2px|||||\u00a0\u00bb global_colors_info=\u00a0\u00bb{}\u00a0\u00bb]<\/p>\n<h6 class=\"bar-left\">Demande de d\u00e9monstration<\/h6>\n<h1>Pr\u00e9parez-vous \u00e0 faire cro\u00eetre et d\u00e9velopper votre entreprise<\/h1>\n<p>[\/et_pb_text][\/et_pb_column][\/et_pb_row][\/et_pb_section][et_pb_section fb_built=\u00a0\u00bb1&Prime; module_id=\u00a0\u00bbhero\u00a0\u00bb _builder_version=\u00a0\u00bb4.16&Prime; _module_preset=\u00a0\u00bbdefault\u00a0\u00bb background_color=\u00a0\u00bb#efefef\u00a0\u00bb min_height=\u00a0\u00bb573px\u00a0\u00bb da_disable_devices=\u00a0\u00bboff|off|off\u00a0\u00bb global_colors_info=\u00a0\u00bb{}\u00a0\u00bb da_is_popup=\u00a0\u00bboff\u00a0\u00bb da_exit_intent=\u00a0\u00bboff\u00a0\u00bb da_has_close=\u00a0\u00bbon\u00a0\u00bb da_alt_close=\u00a0\u00bboff\u00a0\u00bb da_dark_close=\u00a0\u00bboff\u00a0\u00bb da_not_modal=\u00a0\u00bbon\u00a0\u00bb da_is_singular=\u00a0\u00bboff\u00a0\u00bb da_with_loader=\u00a0\u00bboff\u00a0\u00bb da_has_shadow=\u00a0\u00bbon\u00a0\u00bb][et_pb_row column_structure=\u00a0\u00bb1_2,1_2&Prime; _builder_version=\u00a0\u00bb4.16&Prime; _module_preset=\u00a0\u00bbdefault\u00a0\u00bb global_colors_info=\u00a0\u00bb{}\u00a0\u00bb][et_pb_column type=\u00a0\u00bb1_2&Prime; _builder_version=\u00a0\u00bb4.16&Prime; _module_preset=\u00a0\u00bbdefault\u00a0\u00bb global_colors_info=\u00a0\u00bb{}\u00a0\u00bb][et_pb_text disabled_on=\u00a0\u00bbon|off|off\u00a0\u00bb _builder_version=\u00a0\u00bb4.22.2&Prime; _module_preset=\u00a0\u00bbdefault\u00a0\u00bb global_colors_info=\u00a0\u00bb{}\u00a0\u00bb]<\/p>\n<h6 class=\"bar-left\">L\u2019ESSAYER, C\u2019EST L\u2019ADOPTER<\/h6>\n<h3>Solutions Univeris\u00a0: moins de complexit\u00e9, plus de contr\u00f4le <\/h3>\n<p>L\u2019excellence technologique n\u2019est pas seulement une norme, c\u2019est ce qu\u2019exigent les entreprises. C\u2019est pourquoi vous pouvez compter sur Univeris pour vous offrir des solutions et des services \u00e9volutifs qui renforcent vos capacit\u00e9s et simplifient la totalit\u00e9 de vos op\u00e9rations. <\/p>\n<p>Peu importe o\u00f9 vous en \u00eates dans votre transformation num\u00e9rique, nous avons les outils et l\u2019expertise qu\u2019il vous faut pour faire avancer votre entreprise et affronter la concurrence dans ce paysage de l\u2019OCRI qui ne cesse d\u2019\u00e9voluer. <\/p>\n<p>Communiquez avec nous d\u00e8s aujourd\u2019hui pour d\u00e9couvrir comment la technologie et la gestion de patrimoine convergent pour rendre plus faciles et rapides que jamais la gestion, la modernisation et l\u2019\u00e9volution de vos activit\u00e9s.[\/et_pb_text][et_pb_image src=\u00a0\u00bbhttps:\/\/www.univeris.com\/wp-content\/uploads\/dia-FR-marketecture-fr.svg\u00a0\u00bb title_text=\u00a0\u00bbdia-FR-marketecture-fr\u00a0\u00bb _builder_version=\u00a0\u00bb4.23.1&Prime; _module_preset=\u00a0\u00bbdefault\u00a0\u00bb global_colors_info=\u00a0\u00bb{}\u00a0\u00bb][\/et_pb_image][\/et_pb_column][et_pb_column type=\u00a0\u00bb1_2&Prime; _builder_version=\u00a0\u00bb4.16&Prime; _module_preset=\u00a0\u00bbdefault\u00a0\u00bb global_colors_info=\u00a0\u00bb{}\u00a0\u00bb][et_pb_text _builder_version=\u00a0\u00bb4.23.1&Prime; _module_preset=\u00a0\u00bbdefault\u00a0\u00bb hover_enabled=\u00a0\u00bb0&Prime; global_colors_info=\u00a0\u00bb{}\u00a0\u00bb sticky_enabled=\u00a0\u00bb0&Prime;]<\/p>\n<h6 class=\"bar-left\"><\/h6>\n<h3>Demander une d\u00e9monstration<\/h3>\n<p>Veuillez remplir ce formulaire. Nous vous r\u00e9pondrons dans les plus brefs d\u00e9lais.<\/p>\n<p>[\/et_pb_text][et_pb_code _builder_version=\u00a0\u00bb4.23.1&Prime; _module_preset=\u00a0\u00bbdefault\u00a0\u00bb global_colors_info=\u00a0\u00bb{}\u00a0\u00bb]\n\t\t\t\t\t\t<script>\n\t\t\t\t\t\t\twindow.hsFormsOnReady = window.hsFormsOnReady || [];\n\t\t\t\t\t\t\twindow.hsFormsOnReady.push(()=>{\n\t\t\t\t\t\t\t\thbspt.forms.create({\n\t\t\t\t\t\t\t\t\tportalId: 3377193,\n\t\t\t\t\t\t\t\t\tformId: \"98c4f3ee-b66f-4aec-87fc-66283c0248ed\",\n\t\t\t\t\t\t\t\t\ttarget: \"#hbspt-form-1777969849000-7579011794\",\n\t\t\t\t\t\t\t\t\tregion: \"na1\",\n\t\t\t\t\t\t\t\t\t\n\t\t\t\t\t\t\t})});\n\t\t\t\t\t\t<\/script>\n\t\t\t\t\t\t<div class=\"hbspt-form\" id=\"hbspt-form-1777969849000-7579011794\"><\/div>[\/et_pb_code][\/et_pb_column][\/et_pb_row][\/et_pb_section]<\/p>\n","protected":false},"excerpt":{"rendered":"<p>Demande de d\u00e9monstration Pr\u00e9parez-vous \u00e0 faire cro\u00eetre et d\u00e9velopper votre entrepriseL\u2019ESSAYER, C\u2019EST L\u2019ADOPTER Solutions Univeris\u00a0: moins de complexit\u00e9, plus de contr\u00f4le L\u2019excellence technologique n\u2019est pas seulement une norme, c\u2019est ce qu\u2019exigent les entreprises. C\u2019est pourquoi vous pouvez compter sur Univeris pour vous offrir des solutions et des services \u00e9volutifs qui renforcent vos capacit\u00e9s et simplifient [&hellip;]<\/p>\n","protected":false},"author":2,"featured_media":0,"parent":1593,"menu_order":0,"comment_status":"closed","ping_status":"closed","template":"","meta":{"_et_pb_use_builder":"on","_et_pb_old_content":"","_et_gb_content_width":"","content-type":"","inline_featured_image":false,"footnotes":""},"class_list":["post-1642","page","type-page","status-publish","hentry"],"yoast_head":"<!-- This site is optimized with the Yoast SEO plugin v27.5 - https:\/\/yoast.com\/product\/yoast-seo-wordpress\/ -->\n<title>Univeris Advisor | Demander une d\u00e9monstration<\/title>\n<meta name=\"description\" content=\"Avec Univeris Advisor, vous vous offrez un mod\u00e8le d\u2019affaires adaptable et un avantage concurrentiel dans un univers d\u2019organisme d\u2019autor\u00e9glementation (OAR) en constante \u00e9volution. Demandez une d\u00e9monstration\" \/>\n<meta name=\"robots\" content=\"index, follow, max-snippet:-1, max-image-preview:large, max-video-preview:-1\" \/>\n<link rel=\"canonical\" href=\"https:\/\/www.univeris.com\/fr\/produits-univeris\/univeris-advisor\/demande-de-demonstration-dun-conseiller\/\" \/>\n<meta property=\"og:locale\" content=\"fr_FR\" \/>\n<meta property=\"og:type\" content=\"article\" \/>\n<meta property=\"og:title\" content=\"Univeris Advisor | Demander une d\u00e9monstration\" \/>\n<meta property=\"og:description\" content=\"Avec Univeris Advisor, vous vous offrez un mod\u00e8le d\u2019affaires adaptable et un avantage concurrentiel dans un univers d\u2019organisme d\u2019autor\u00e9glementation (OAR) en constante \u00e9volution. Demandez une d\u00e9monstration\" \/>\n<meta property=\"og:url\" content=\"https:\/\/www.univeris.com\/fr\/produits-univeris\/univeris-advisor\/demande-de-demonstration-dun-conseiller\/\" \/>\n<meta property=\"og:site_name\" content=\"Univeris\" \/>\n<meta property=\"article:modified_time\" content=\"2023-12-20T00:18:38+00:00\" \/>\n<meta name=\"twitter:card\" content=\"summary_large_image\" \/>\n<meta name=\"twitter:label1\" content=\"Dur\u00e9e de lecture estim\u00e9e\" \/>\n\t<meta name=\"twitter:data1\" content=\"3 minutes\" \/>\n<script type=\"application\/ld+json\" class=\"yoast-schema-graph\">{\"@context\":\"https:\\\/\\\/schema.org\",\"@graph\":[{\"@type\":\"WebPage\",\"@id\":\"https:\\\/\\\/www.univeris.com\\\/fr\\\/produits-univeris\\\/univeris-advisor\\\/demande-de-demonstration-dun-conseiller\\\/\",\"url\":\"https:\\\/\\\/www.univeris.com\\\/fr\\\/produits-univeris\\\/univeris-advisor\\\/demande-de-demonstration-dun-conseiller\\\/\",\"name\":\"Univeris Advisor | Demander une d\u00e9monstration\",\"isPartOf\":{\"@id\":\"https:\\\/\\\/www.univeris.com\\\/fr\\\/#website\"},\"datePublished\":\"2023-01-04T15:54:56+00:00\",\"dateModified\":\"2023-12-20T00:18:38+00:00\",\"description\":\"Avec Univeris Advisor, vous vous offrez un mod\u00e8le d\u2019affaires adaptable et un avantage concurrentiel dans un univers d\u2019organisme d\u2019autor\u00e9glementation (OAR) en constante \u00e9volution. Demandez une d\u00e9monstration\",\"breadcrumb\":{\"@id\":\"https:\\\/\\\/www.univeris.com\\\/fr\\\/produits-univeris\\\/univeris-advisor\\\/demande-de-demonstration-dun-conseiller\\\/#breadcrumb\"},\"inLanguage\":\"fr-FR\",\"potentialAction\":[{\"@type\":\"ReadAction\",\"target\":[\"https:\\\/\\\/www.univeris.com\\\/fr\\\/produits-univeris\\\/univeris-advisor\\\/demande-de-demonstration-dun-conseiller\\\/\"]}]},{\"@type\":\"BreadcrumbList\",\"@id\":\"https:\\\/\\\/www.univeris.com\\\/fr\\\/produits-univeris\\\/univeris-advisor\\\/demande-de-demonstration-dun-conseiller\\\/#breadcrumb\",\"itemListElement\":[{\"@type\":\"ListItem\",\"position\":1,\"name\":\"Home\",\"item\":\"https:\\\/\\\/www.univeris.com\\\/fr\\\/\"},{\"@type\":\"ListItem\",\"position\":2,\"name\":\"Produits Univeris\",\"item\":\"https:\\\/\\\/www.univeris.com\\\/fr\\\/products\\\/\"},{\"@type\":\"ListItem\",\"position\":3,\"name\":\"Univeris Advisor\",\"item\":\"https:\\\/\\\/www.univeris.com\\\/fr\\\/produits-univeris\\\/univeris-advisor\\\/\"},{\"@type\":\"ListItem\",\"position\":4,\"name\":\"Demande de d\u00e9monstration d\u2019un conseiller\"}]},{\"@type\":\"WebSite\",\"@id\":\"https:\\\/\\\/www.univeris.com\\\/fr\\\/#website\",\"url\":\"https:\\\/\\\/www.univeris.com\\\/fr\\\/\",\"name\":\"Univeris\",\"description\":\".\",\"potentialAction\":[{\"@type\":\"SearchAction\",\"target\":{\"@type\":\"EntryPoint\",\"urlTemplate\":\"https:\\\/\\\/www.univeris.com\\\/fr\\\/?s={search_term_string}\"},\"query-input\":{\"@type\":\"PropertyValueSpecification\",\"valueRequired\":true,\"valueName\":\"search_term_string\"}}],\"inLanguage\":\"fr-FR\"}]}<\/script>\n<!-- \/ Yoast SEO plugin. -->","yoast_head_json":{"title":"Univeris Advisor | Demander une d\u00e9monstration","description":"Avec Univeris Advisor, vous vous offrez un mod\u00e8le d\u2019affaires adaptable et un avantage concurrentiel dans un univers d\u2019organisme d\u2019autor\u00e9glementation (OAR) en constante \u00e9volution. Demandez une d\u00e9monstration","robots":{"index":"index","follow":"follow","max-snippet":"max-snippet:-1","max-image-preview":"max-image-preview:large","max-video-preview":"max-video-preview:-1"},"canonical":"https:\/\/www.univeris.com\/fr\/produits-univeris\/univeris-advisor\/demande-de-demonstration-dun-conseiller\/","og_locale":"fr_FR","og_type":"article","og_title":"Univeris Advisor | Demander une d\u00e9monstration","og_description":"Avec Univeris Advisor, vous vous offrez un mod\u00e8le d\u2019affaires adaptable et un avantage concurrentiel dans un univers d\u2019organisme d\u2019autor\u00e9glementation (OAR) en constante \u00e9volution. Demandez une d\u00e9monstration","og_url":"https:\/\/www.univeris.com\/fr\/produits-univeris\/univeris-advisor\/demande-de-demonstration-dun-conseiller\/","og_site_name":"Univeris","article_modified_time":"2023-12-20T00:18:38+00:00","twitter_card":"summary_large_image","twitter_misc":{"Dur\u00e9e de lecture estim\u00e9e":"3 minutes"},"schema":{"@context":"https:\/\/schema.org","@graph":[{"@type":"WebPage","@id":"https:\/\/www.univeris.com\/fr\/produits-univeris\/univeris-advisor\/demande-de-demonstration-dun-conseiller\/","url":"https:\/\/www.univeris.com\/fr\/produits-univeris\/univeris-advisor\/demande-de-demonstration-dun-conseiller\/","name":"Univeris Advisor | Demander une d\u00e9monstration","isPartOf":{"@id":"https:\/\/www.univeris.com\/fr\/#website"},"datePublished":"2023-01-04T15:54:56+00:00","dateModified":"2023-12-20T00:18:38+00:00","description":"Avec Univeris Advisor, vous vous offrez un mod\u00e8le d\u2019affaires adaptable et un avantage concurrentiel dans un univers d\u2019organisme d\u2019autor\u00e9glementation (OAR) en constante \u00e9volution. Demandez une d\u00e9monstration","breadcrumb":{"@id":"https:\/\/www.univeris.com\/fr\/produits-univeris\/univeris-advisor\/demande-de-demonstration-dun-conseiller\/#breadcrumb"},"inLanguage":"fr-FR","potentialAction":[{"@type":"ReadAction","target":["https:\/\/www.univeris.com\/fr\/produits-univeris\/univeris-advisor\/demande-de-demonstration-dun-conseiller\/"]}]},{"@type":"BreadcrumbList","@id":"https:\/\/www.univeris.com\/fr\/produits-univeris\/univeris-advisor\/demande-de-demonstration-dun-conseiller\/#breadcrumb","itemListElement":[{"@type":"ListItem","position":1,"name":"Home","item":"https:\/\/www.univeris.com\/fr\/"},{"@type":"ListItem","position":2,"name":"Produits Univeris","item":"https:\/\/www.univeris.com\/fr\/products\/"},{"@type":"ListItem","position":3,"name":"Univeris Advisor","item":"https:\/\/www.univeris.com\/fr\/produits-univeris\/univeris-advisor\/"},{"@type":"ListItem","position":4,"name":"Demande de d\u00e9monstration d\u2019un conseiller"}]},{"@type":"WebSite","@id":"https:\/\/www.univeris.com\/fr\/#website","url":"https:\/\/www.univeris.com\/fr\/","name":"Univeris","description":".","potentialAction":[{"@type":"SearchAction","target":{"@type":"EntryPoint","urlTemplate":"https:\/\/www.univeris.com\/fr\/?s={search_term_string}"},"query-input":{"@type":"PropertyValueSpecification","valueRequired":true,"valueName":"search_term_string"}}],"inLanguage":"fr-FR"}]}},"_links":{"self":[{"href":"https:\/\/www.univeris.com\/fr\/wp-json\/wp\/v2\/pages\/1642","targetHints":{"allow":["GET"]}}],"collection":[{"href":"https:\/\/www.univeris.com\/fr\/wp-json\/wp\/v2\/pages"}],"about":[{"href":"https:\/\/www.univeris.com\/fr\/wp-json\/wp\/v2\/types\/page"}],"author":[{"embeddable":true,"href":"https:\/\/www.univeris.com\/fr\/wp-json\/wp\/v2\/users\/2"}],"replies":[{"embeddable":true,"href":"https:\/\/www.univeris.com\/fr\/wp-json\/wp\/v2\/comments?post=1642"}],"version-history":[{"count":0,"href":"https:\/\/www.univeris.com\/fr\/wp-json\/wp\/v2\/pages\/1642\/revisions"}],"up":[{"embeddable":true,"href":"https:\/\/www.univeris.com\/fr\/wp-json\/wp\/v2\/pages\/1593"}],"wp:attachment":[{"href":"https:\/\/www.univeris.com\/fr\/wp-json\/wp\/v2\/media?parent=1642"}],"curies":[{"name":"wp","href":"https:\/\/api.w.org\/{rel}","templated":true}]}}