{"id":2081,"date":"2023-11-28T21:10:23","date_gmt":"2023-11-28T21:10:23","guid":{"rendered":"https:\/\/www.univeris.com\/produits-univeris\/univeris-api\/univeris-api-avantages-commerciaux\/"},"modified":"2023-12-15T14:44:52","modified_gmt":"2023-12-15T14:44:52","slug":"univeris-api-avantages-commerciaux","status":"publish","type":"page","link":"https:\/\/www.univeris.com\/fr\/produits-univeris\/univeris-api\/univeris-api-avantages-commerciaux\/","title":{"rendered":"Univeris API\u2014 Avantages commerciaux"},"content":{"rendered":"<p>[et_pb_section fb_built=\u00a0\u00bb1&Prime; _builder_version=\u00a0\u00bb4.20.1&Prime; _module_preset=\u00a0\u00bbdefault\u00a0\u00bb background_color=\u00a0\u00bb#333E48&Prime; use_background_color_gradient=\u00a0\u00bbon\u00a0\u00bb background_color_gradient_direction=\u00a0\u00bb-90deg\u00a0\u00bb background_color_gradient_stops=\u00a0\u00bb#000c41 0%|#004386 100%\u00a0\u00bb background_image=\u00a0\u00bbhttps:\/\/www.univeris.com\/wp-content\/uploads\/2023\/02\/bkg-pattern-square-right.png\u00a0\u00bb background_position=\u00a0\u00bbcenter_right\u00a0\u00bb background_blend=\u00a0\u00bbsoft-light\u00a0\u00bb background_enable_pattern_style=\u00a0\u00bbon\u00a0\u00bb background_pattern_style=\u00a0\u00bbsquares\u00a0\u00bb background_pattern_color=\u00a0\u00bbrgba(0,12,65,0.07)\u00a0\u00bb da_disable_devices=\u00a0\u00bboff|off|off\u00a0\u00bb global_colors_info=\u00a0\u00bb{}\u00a0\u00bb da_is_popup=\u00a0\u00bboff\u00a0\u00bb da_exit_intent=\u00a0\u00bboff\u00a0\u00bb da_has_close=\u00a0\u00bbon\u00a0\u00bb da_alt_close=\u00a0\u00bboff\u00a0\u00bb da_dark_close=\u00a0\u00bboff\u00a0\u00bb da_not_modal=\u00a0\u00bbon\u00a0\u00bb da_is_singular=\u00a0\u00bboff\u00a0\u00bb da_with_loader=\u00a0\u00bboff\u00a0\u00bb da_has_shadow=\u00a0\u00bbon\u00a0\u00bb][et_pb_row _builder_version=\u00a0\u00bb4.16&Prime; _module_preset=\u00a0\u00bbdefault\u00a0\u00bb global_colors_info=\u00a0\u00bb{}\u00a0\u00bb][et_pb_column type=\u00a0\u00bb4_4&Prime; _builder_version=\u00a0\u00bb4.16&Prime; _module_preset=\u00a0\u00bbdefault\u00a0\u00bb global_colors_info=\u00a0\u00bb{}\u00a0\u00bb][et_pb_text _builder_version=\u00a0\u00bb4.23.1&Prime; _module_preset=\u00a0\u00bbdefault\u00a0\u00bb background_layout=\u00a0\u00bbdark\u00a0\u00bb custom_padding=\u00a0\u00bb2px|||||\u00a0\u00bb global_colors_info=\u00a0\u00bb{}\u00a0\u00bb]<\/p>\n<h6 class=\"bar-left\">AVANTAGES POUR LES ENTREPRISES<\/h6>\n<h1>Acc\u00e9l\u00e9rez vos efforts de d\u00e9veloppement et d\u2019int\u00e9gration<\/h1>\n<p>[\/et_pb_text][\/et_pb_column][\/et_pb_row][\/et_pb_section][et_pb_section fb_built=\u00a0\u00bb1&Prime; _builder_version=\u00a0\u00bb4.16&Prime; _module_preset=\u00a0\u00bbdefault\u00a0\u00bb custom_margin=\u00a0\u00bb||0px||false|false\u00a0\u00bb custom_padding=\u00a0\u00bb||0px||false|false\u00a0\u00bb da_disable_devices=\u00a0\u00bboff|off|off\u00a0\u00bb global_colors_info=\u00a0\u00bb{}\u00a0\u00bb da_is_popup=\u00a0\u00bboff\u00a0\u00bb da_exit_intent=\u00a0\u00bboff\u00a0\u00bb da_has_close=\u00a0\u00bbon\u00a0\u00bb da_alt_close=\u00a0\u00bboff\u00a0\u00bb da_dark_close=\u00a0\u00bboff\u00a0\u00bb da_not_modal=\u00a0\u00bbon\u00a0\u00bb da_is_singular=\u00a0\u00bboff\u00a0\u00bb da_with_loader=\u00a0\u00bboff\u00a0\u00bb da_has_shadow=\u00a0\u00bbon\u00a0\u00bb][et_pb_row _builder_version=\u00a0\u00bb4.16&Prime; _module_preset=\u00a0\u00bbdefault\u00a0\u00bb global_colors_info=\u00a0\u00bb{}\u00a0\u00bb][et_pb_column type=\u00a0\u00bb4_4&Prime; _builder_version=\u00a0\u00bb4.16&Prime; _module_preset=\u00a0\u00bbdefault\u00a0\u00bb global_colors_info=\u00a0\u00bb{}\u00a0\u00bb][et_pb_text _builder_version=\u00a0\u00bb4.23.1&Prime; _module_preset=\u00a0\u00bbdefault\u00a0\u00bb width=\u00a0\u00bb80%\u00a0\u00bb global_colors_info=\u00a0\u00bb{}\u00a0\u00bb]<\/p>\n<h6 class=\"bar-left\">RENFORCER LES EXP\u00c9RIENCES NUM\u00c9RIQUES<\/h6>\n<h2>\u00c9largissez vos fonctions de gestion de patrimoine et d\u2019exploitation<\/h2>\n<p>Alors que la technologie remod\u00e8le le paysage de la gestion moderne du patrimoine, les API ne sont plus un avantage, mais une n\u00e9cessit\u00e9. Les Univeris API couvrent la distance num\u00e9rique entre les fonctions de guichet et d\u2019arri\u00e8re-guichet, ce qui permet aux entreprises d\u2019int\u00e9grer de fa\u00e7on s\u00e9curitaire et harmonieuse les sources de donn\u00e9es, de s\u2019adapter aux changements et d\u2019affiner leur acuit\u00e9 op\u00e9rationnelle. [\/et_pb_text][\/et_pb_column][\/et_pb_row][\/et_pb_section][et_pb_section fb_built=\u00a0\u00bb1&Prime; _builder_version=\u00a0\u00bb4.23.1&Prime; _module_preset=\u00a0\u00bbdefault\u00a0\u00bb hover_enabled=\u00a0\u00bb0&Prime; da_disable_devices=\u00a0\u00bboff|off|off\u00a0\u00bb global_colors_info=\u00a0\u00bb{}\u00a0\u00bb custom_margin=\u00a0\u00bb0px||||false|false\u00a0\u00bb custom_padding=\u00a0\u00bb0px||30px||false|false\u00a0\u00bb sticky_enabled=\u00a0\u00bb0&Prime; da_is_popup=\u00a0\u00bboff\u00a0\u00bb da_exit_intent=\u00a0\u00bboff\u00a0\u00bb da_has_close=\u00a0\u00bbon\u00a0\u00bb da_alt_close=\u00a0\u00bboff\u00a0\u00bb da_dark_close=\u00a0\u00bboff\u00a0\u00bb da_not_modal=\u00a0\u00bbon\u00a0\u00bb da_is_singular=\u00a0\u00bboff\u00a0\u00bb da_with_loader=\u00a0\u00bboff\u00a0\u00bb da_has_shadow=\u00a0\u00bbon\u00a0\u00bb][et_pb_row column_structure=\u00a0\u00bb1_3,1_3,1_3&Prime; _builder_version=\u00a0\u00bb4.23.1&Prime; _module_preset=\u00a0\u00bbdefault\u00a0\u00bb locked=\u00a0\u00bboff\u00a0\u00bb global_colors_info=\u00a0\u00bb{}\u00a0\u00bb][et_pb_column type=\u00a0\u00bb1_3&Prime; _builder_version=\u00a0\u00bb4.23.1&Prime; _module_preset=\u00a0\u00bbdefault\u00a0\u00bb global_colors_info=\u00a0\u00bb{}\u00a0\u00bb][et_pb_text _builder_version=\u00a0\u00bb4.23.1&Prime; _module_preset=\u00a0\u00bbdefault\u00a0\u00bb locked=\u00a0\u00bboff\u00a0\u00bb global_colors_info=\u00a0\u00bb{}\u00a0\u00bb]<\/p>\n<h6 class=\"bar-left\"><\/h6>\n<h3>Acc\u00e8s \u00e0 des donn\u00e9es de gestion de patrimoine \u00e0 l\u2019\u00e9preuve du temps<\/h3>\n<ul>\n<li>Obtenez un acc\u00e8s rapide et pratique \u00e0 vos trousses d\u2019outils essentielles, peu importe l\u2019interface que vous choisissez d\u2019utiliser\n<\/li>\n<li>Assurez-vous que vos applications disposent de moyens \u00e9volutifs, flexibles, efficaces et s\u00e9curis\u00e9s pour int\u00e9grer des processus, des donn\u00e9es et des services \u00e0 la plateforme sous-jacente via des API s\u00e9curis\u00e9es conformes aux normes de l\u2019industrie\n<\/li>\n<\/ul>\n<p>[\/et_pb_text][\/et_pb_column][et_pb_column type=\u00a0\u00bb1_3&Prime; _builder_version=\u00a0\u00bb4.23.1&Prime; _module_preset=\u00a0\u00bbdefault\u00a0\u00bb global_colors_info=\u00a0\u00bb{}\u00a0\u00bb][et_pb_text _builder_version=\u00a0\u00bb4.23.1&Prime; _module_preset=\u00a0\u00bbdefault\u00a0\u00bb locked=\u00a0\u00bboff\u00a0\u00bb global_colors_info=\u00a0\u00bb{}\u00a0\u00bb]<\/p>\n<h6 class=\"bar-left\"><\/h6>\n<h3>S\u00e9curit\u00e9 des applications de donn\u00e9es<\/h3>\n<ul>\n<li>Utilisez le m\u00eame m\u00e9canisme de s\u00e9curit\u00e9 qu\u2019Univeris Enterprise sans avoir besoin d\u2019en adopter d\u2019autres pour vos conseillers\n<\/li>\n<li>Veillez \u00e0 ce que l\u2019acc\u00e8s soit strictement r\u00e9serv\u00e9 aux utilisateurs autoris\u00e9s et \u00e0 ce qu\u2019ils ne puissent extraire que les donn\u00e9es pertinentes pour leur r\u00f4le d\u00e9sign\u00e9\n<\/li>\n<\/ul>\n<p>[\/et_pb_text][\/et_pb_column][et_pb_column type=\u00a0\u00bb1_3&Prime; _builder_version=\u00a0\u00bb4.23.1&Prime; _module_preset=\u00a0\u00bbdefault\u00a0\u00bb global_colors_info=\u00a0\u00bb{}\u00a0\u00bb][et_pb_text _builder_version=\u00a0\u00bb4.23.1&Prime; _module_preset=\u00a0\u00bbdefault\u00a0\u00bb locked=\u00a0\u00bboff\u00a0\u00bb global_colors_info=\u00a0\u00bb{}\u00a0\u00bb]<\/p>\n<h6 class=\"bar-left\"><\/h6>\n<h3>Sp\u00e9cifications des API h\u00e9berg\u00e9es<\/h3>\n<ul>\n<li>Acc\u00e9dez \u00e0 la documentation des sp\u00e9cifications des Univeris API via une trousse d\u2019outils de d\u00e9veloppement pratique\n<\/li>\n<li>Simplifiez l\u2019acc\u00e8s aux donn\u00e9es, leur production et leur gestion gr\u00e2ce \u00e0 notre sp\u00e9cification OpenAPI\n<\/li>\n<li>Rationalisez le processus d\u2019int\u00e9gration et int\u00e9grez le contenu de n\u2019importe quel site ou de n\u2019importe quelle application de fa\u00e7on plus efficace\n<\/li>\n<li>Obtenez du soutien \u00e0 l\u2019int\u00e9gration aupr\u00e8s de fournisseurs d\u2019identit\u00e9 tiers\n<\/li>\n<li>R\u00e9duisez le temps et le co\u00fbt du d\u00e9veloppement logiciel gr\u00e2ce aux Univeris API\n<\/li>\n<\/ul>\n<p>[\/et_pb_text][\/et_pb_column][\/et_pb_row][\/et_pb_section][et_pb_section fb_built=\u00a0\u00bb1&Prime; _builder_version=\u00a0\u00bb4.20.0&Prime; _module_preset=\u00a0\u00bbdefault\u00a0\u00bb use_background_color_gradient=\u00a0\u00bbon\u00a0\u00bb background_color_gradient_direction=\u00a0\u00bb90deg\u00a0\u00bb background_color_gradient_stops=\u00a0\u00bb#00acdd 0%|#004386 100%\u00a0\u00bb background_image=\u00a0\u00bbhttps:\/\/www.univeris.com\/wp-content\/uploads\/2023\/02\/bkg-pattern-squares-left.png\u00a0\u00bb background_blend=\u00a0\u00bbmultiply\u00a0\u00bb da_disable_devices=\u00a0\u00bboff|off|off\u00a0\u00bb locked=\u00a0\u00bboff\u00a0\u00bb global_colors_info=\u00a0\u00bb{}\u00a0\u00bb da_is_popup=\u00a0\u00bboff\u00a0\u00bb da_exit_intent=\u00a0\u00bboff\u00a0\u00bb da_has_close=\u00a0\u00bbon\u00a0\u00bb da_alt_close=\u00a0\u00bboff\u00a0\u00bb da_dark_close=\u00a0\u00bboff\u00a0\u00bb da_not_modal=\u00a0\u00bbon\u00a0\u00bb da_is_singular=\u00a0\u00bboff\u00a0\u00bb da_with_loader=\u00a0\u00bboff\u00a0\u00bb da_has_shadow=\u00a0\u00bbon\u00a0\u00bb][et_pb_row _builder_version=\u00a0\u00bb4.16&Prime; _module_preset=\u00a0\u00bbdefault\u00a0\u00bb global_colors_info=\u00a0\u00bb{}\u00a0\u00bb][et_pb_column type=\u00a0\u00bb4_4&Prime; _builder_version=\u00a0\u00bb4.16&Prime; _module_preset=\u00a0\u00bbdefault\u00a0\u00bb global_colors_info=\u00a0\u00bb{}\u00a0\u00bb][et_pb_text _builder_version=\u00a0\u00bb4.23.1&Prime; _module_preset=\u00a0\u00bbdefault\u00a0\u00bb text_orientation=\u00a0\u00bbcenter\u00a0\u00bb background_layout=\u00a0\u00bbdark\u00a0\u00bb width=\u00a0\u00bb80%\u00a0\u00bb width_tablet=\u00a0\u00bb80%\u00a0\u00bb width_phone=\u00a0\u00bb80%\u00a0\u00bb width_last_edited=\u00a0\u00bbon|tablet\u00a0\u00bb module_alignment=\u00a0\u00bbcenter\u00a0\u00bb global_colors_info=\u00a0\u00bb{}\u00a0\u00bb]<\/p>\n<h6 class=\"bar-center\">COMMUNIQUER AVEC NOUS<\/h6>\n<h2>  Enrichissez les capacit\u00e9s de votre plateforme en toute s\u00e9curit\u00e9<\/h2>\n<p>Les Univeris API peuvent r\u00e9aliser vos int\u00e9grations, vous connectant \u00e0 des moyens plus rapides et plus simples d\u2019\u00e9tendre vos solutions de gestion de patrimoine, d\u2019acc\u00e9der \u00e0 des donn\u00e9es enrichies et d\u2019am\u00e9liorer votre acuit\u00e9 op\u00e9rationnelle. [\/et_pb_text][\/et_pb_column][\/et_pb_row][et_pb_row use_custom_gutter=\u00a0\u00bbon\u00a0\u00bb gutter_width=\u00a0\u00bb1&Prime; module_class=\u00a0\u00bbpa-inline-buttons\u00a0\u00bb _builder_version=\u00a0\u00bb4.20.0&Prime; _module_preset=\u00a0\u00bbdefault\u00a0\u00bb custom_margin=\u00a0\u00bb0px||||false|false\u00a0\u00bb custom_padding=\u00a0\u00bb0px||||false|false\u00a0\u00bb custom_css_main_element=\u00a0\u00bbtext-align:center;\u00a0\u00bb locked=\u00a0\u00bboff\u00a0\u00bb global_colors_info=\u00a0\u00bb{}\u00a0\u00bb][et_pb_column type=\u00a0\u00bb4_4&Prime; _builder_version=\u00a0\u00bb4.20.0&Prime; _module_preset=\u00a0\u00bbdefault\u00a0\u00bb global_colors_info=\u00a0\u00bb{}\u00a0\u00bb][et_pb_button button_url=\u00a0\u00bbhttps:\/\/www.univeris.com\/fr\/communiquer-avec-univeris\/\u00a0\u00bb button_text=\u00a0\u00bbEn savoir plus\u00a0\u00bb button_alignment=\u00a0\u00bbright\u00a0\u00bb _builder_version=\u00a0\u00bb4.23.1&Prime; _module_preset=\u00a0\u00bbdefault\u00a0\u00bb custom_button=\u00a0\u00bbon\u00a0\u00bb button_text_size=\u00a0\u00bb12px\u00a0\u00bb button_text_color=\u00a0\u00bb#FFFFFF\u00a0\u00bb button_bg_color=\u00a0\u00bb#83c554&Prime; button_border_width=\u00a0\u00bb0px\u00a0\u00bb button_border_radius=\u00a0\u00bb0px\u00a0\u00bb button_letter_spacing=\u00a0\u00bb1px\u00a0\u00bb button_font=\u00a0\u00bb|600||on|||||\u00a0\u00bb button_use_icon=\u00a0\u00bboff\u00a0\u00bb custom_padding=\u00a0\u00bb10px|15px|10px|15px|false|false\u00a0\u00bb global_colors_info=\u00a0\u00bb{}\u00a0\u00bb button_bg_color__hover_enabled=\u00a0\u00bbon|hover\u00a0\u00bb button_bg_color__hover=\u00a0\u00bb#54b244&Prime; transform_styles__hover_enabled=\u00a0\u00bbon|hover\u00a0\u00bb transform_scale__hover_enabled=\u00a0\u00bbon|hover\u00a0\u00bb transform_translate__hover_enabled=\u00a0\u00bbon|hover\u00a0\u00bb transform_rotate__hover_enabled=\u00a0\u00bbon|hover\u00a0\u00bb transform_skew__hover_enabled=\u00a0\u00bbon|hover\u00a0\u00bb transform_origin__hover_enabled=\u00a0\u00bbon|hover\u00a0\u00bb transform_scale__hover=\u00a0\u00bb105%|105%\u00a0\u00bb][\/et_pb_button][\/et_pb_column][\/et_pb_row][\/et_pb_section]<\/p>\n","protected":false},"excerpt":{"rendered":"<p>AVANTAGES POUR LES ENTREPRISES Acc\u00e9l\u00e9rez vos efforts de d\u00e9veloppement et d\u2019int\u00e9grationRENFORCER LES EXP\u00c9RIENCES NUM\u00c9RIQUES \u00c9largissez vos fonctions de gestion de patrimoine et d\u2019exploitation Alors que la technologie remod\u00e8le le paysage de la gestion moderne du patrimoine, les API ne sont plus un avantage, mais une n\u00e9cessit\u00e9. Les Univeris API couvrent la distance num\u00e9rique entre les [&hellip;]<\/p>\n","protected":false},"author":3,"featured_media":0,"parent":2080,"menu_order":0,"comment_status":"closed","ping_status":"closed","template":"","meta":{"_et_pb_use_builder":"on","_et_pb_old_content":"","_et_gb_content_width":"","content-type":"","inline_featured_image":false,"footnotes":""},"class_list":["post-2081","page","type-page","status-publish","hentry"],"yoast_head":"<!-- This site is optimized with the Yoast SEO plugin v27.5 - https:\/\/yoast.com\/product\/yoast-seo-wordpress\/ -->\n<title>Univeris API\u2014 Avantages commerciaux - Univeris<\/title>\n<meta name=\"robots\" content=\"index, follow, max-snippet:-1, max-image-preview:large, max-video-preview:-1\" \/>\n<link rel=\"canonical\" href=\"https:\/\/www.univeris.com\/fr\/produits-univeris\/univeris-api\/univeris-api-avantages-commerciaux\/\" \/>\n<meta property=\"og:locale\" content=\"fr_FR\" \/>\n<meta property=\"og:type\" content=\"article\" \/>\n<meta property=\"og:title\" content=\"Univeris API\u2014 Avantages commerciaux - Univeris\" \/>\n<meta property=\"og:description\" content=\"AVANTAGES POUR LES ENTREPRISES Acc\u00e9l\u00e9rez vos efforts de d\u00e9veloppement et d\u2019int\u00e9grationRENFORCER LES EXP\u00c9RIENCES NUM\u00c9RIQUES \u00c9largissez vos fonctions de gestion de patrimoine et d\u2019exploitation Alors que la technologie remod\u00e8le le paysage de la gestion moderne du patrimoine, les API ne sont plus un avantage, mais une n\u00e9cessit\u00e9. Les Univeris API couvrent la distance num\u00e9rique entre les [&hellip;]\" \/>\n<meta property=\"og:url\" content=\"https:\/\/www.univeris.com\/fr\/produits-univeris\/univeris-api\/univeris-api-avantages-commerciaux\/\" \/>\n<meta property=\"og:site_name\" content=\"Univeris\" \/>\n<meta property=\"article:modified_time\" content=\"2023-12-15T14:44:52+00:00\" \/>\n<meta name=\"twitter:card\" content=\"summary_large_image\" \/>\n<meta name=\"twitter:label1\" content=\"Dur\u00e9e de lecture estim\u00e9e\" \/>\n\t<meta name=\"twitter:data1\" content=\"6 minutes\" \/>\n<script type=\"application\/ld+json\" class=\"yoast-schema-graph\">{\"@context\":\"https:\\\/\\\/schema.org\",\"@graph\":[{\"@type\":\"WebPage\",\"@id\":\"https:\\\/\\\/www.univeris.com\\\/fr\\\/produits-univeris\\\/univeris-api\\\/univeris-api-avantages-commerciaux\\\/\",\"url\":\"https:\\\/\\\/www.univeris.com\\\/fr\\\/produits-univeris\\\/univeris-api\\\/univeris-api-avantages-commerciaux\\\/\",\"name\":\"Univeris API\u2014 Avantages commerciaux - Univeris\",\"isPartOf\":{\"@id\":\"https:\\\/\\\/www.univeris.com\\\/fr\\\/#website\"},\"datePublished\":\"2023-11-28T21:10:23+00:00\",\"dateModified\":\"2023-12-15T14:44:52+00:00\",\"breadcrumb\":{\"@id\":\"https:\\\/\\\/www.univeris.com\\\/fr\\\/produits-univeris\\\/univeris-api\\\/univeris-api-avantages-commerciaux\\\/#breadcrumb\"},\"inLanguage\":\"fr-FR\",\"potentialAction\":[{\"@type\":\"ReadAction\",\"target\":[\"https:\\\/\\\/www.univeris.com\\\/fr\\\/produits-univeris\\\/univeris-api\\\/univeris-api-avantages-commerciaux\\\/\"]}]},{\"@type\":\"BreadcrumbList\",\"@id\":\"https:\\\/\\\/www.univeris.com\\\/fr\\\/produits-univeris\\\/univeris-api\\\/univeris-api-avantages-commerciaux\\\/#breadcrumb\",\"itemListElement\":[{\"@type\":\"ListItem\",\"position\":1,\"name\":\"Home\",\"item\":\"https:\\\/\\\/www.univeris.com\\\/fr\\\/\"},{\"@type\":\"ListItem\",\"position\":2,\"name\":\"Produits Univeris\",\"item\":\"https:\\\/\\\/www.univeris.com\\\/fr\\\/products\\\/\"},{\"@type\":\"ListItem\",\"position\":3,\"name\":\"Univeris API\",\"item\":\"https:\\\/\\\/www.univeris.com\\\/fr\\\/produits-univeris\\\/univeris-api\\\/\"},{\"@type\":\"ListItem\",\"position\":4,\"name\":\"Univeris API\u2014 Avantages commerciaux\"}]},{\"@type\":\"WebSite\",\"@id\":\"https:\\\/\\\/www.univeris.com\\\/fr\\\/#website\",\"url\":\"https:\\\/\\\/www.univeris.com\\\/fr\\\/\",\"name\":\"Univeris\",\"description\":\".\",\"potentialAction\":[{\"@type\":\"SearchAction\",\"target\":{\"@type\":\"EntryPoint\",\"urlTemplate\":\"https:\\\/\\\/www.univeris.com\\\/fr\\\/?s={search_term_string}\"},\"query-input\":{\"@type\":\"PropertyValueSpecification\",\"valueRequired\":true,\"valueName\":\"search_term_string\"}}],\"inLanguage\":\"fr-FR\"}]}<\/script>\n<!-- \/ Yoast SEO plugin. -->","yoast_head_json":{"title":"Univeris API\u2014 Avantages commerciaux - Univeris","robots":{"index":"index","follow":"follow","max-snippet":"max-snippet:-1","max-image-preview":"max-image-preview:large","max-video-preview":"max-video-preview:-1"},"canonical":"https:\/\/www.univeris.com\/fr\/produits-univeris\/univeris-api\/univeris-api-avantages-commerciaux\/","og_locale":"fr_FR","og_type":"article","og_title":"Univeris API\u2014 Avantages commerciaux - Univeris","og_description":"AVANTAGES POUR LES ENTREPRISES Acc\u00e9l\u00e9rez vos efforts de d\u00e9veloppement et d\u2019int\u00e9grationRENFORCER LES EXP\u00c9RIENCES NUM\u00c9RIQUES \u00c9largissez vos fonctions de gestion de patrimoine et d\u2019exploitation Alors que la technologie remod\u00e8le le paysage de la gestion moderne du patrimoine, les API ne sont plus un avantage, mais une n\u00e9cessit\u00e9. Les Univeris API couvrent la distance num\u00e9rique entre les [&hellip;]","og_url":"https:\/\/www.univeris.com\/fr\/produits-univeris\/univeris-api\/univeris-api-avantages-commerciaux\/","og_site_name":"Univeris","article_modified_time":"2023-12-15T14:44:52+00:00","twitter_card":"summary_large_image","twitter_misc":{"Dur\u00e9e de lecture estim\u00e9e":"6 minutes"},"schema":{"@context":"https:\/\/schema.org","@graph":[{"@type":"WebPage","@id":"https:\/\/www.univeris.com\/fr\/produits-univeris\/univeris-api\/univeris-api-avantages-commerciaux\/","url":"https:\/\/www.univeris.com\/fr\/produits-univeris\/univeris-api\/univeris-api-avantages-commerciaux\/","name":"Univeris API\u2014 Avantages commerciaux - Univeris","isPartOf":{"@id":"https:\/\/www.univeris.com\/fr\/#website"},"datePublished":"2023-11-28T21:10:23+00:00","dateModified":"2023-12-15T14:44:52+00:00","breadcrumb":{"@id":"https:\/\/www.univeris.com\/fr\/produits-univeris\/univeris-api\/univeris-api-avantages-commerciaux\/#breadcrumb"},"inLanguage":"fr-FR","potentialAction":[{"@type":"ReadAction","target":["https:\/\/www.univeris.com\/fr\/produits-univeris\/univeris-api\/univeris-api-avantages-commerciaux\/"]}]},{"@type":"BreadcrumbList","@id":"https:\/\/www.univeris.com\/fr\/produits-univeris\/univeris-api\/univeris-api-avantages-commerciaux\/#breadcrumb","itemListElement":[{"@type":"ListItem","position":1,"name":"Home","item":"https:\/\/www.univeris.com\/fr\/"},{"@type":"ListItem","position":2,"name":"Produits Univeris","item":"https:\/\/www.univeris.com\/fr\/products\/"},{"@type":"ListItem","position":3,"name":"Univeris API","item":"https:\/\/www.univeris.com\/fr\/produits-univeris\/univeris-api\/"},{"@type":"ListItem","position":4,"name":"Univeris API\u2014 Avantages commerciaux"}]},{"@type":"WebSite","@id":"https:\/\/www.univeris.com\/fr\/#website","url":"https:\/\/www.univeris.com\/fr\/","name":"Univeris","description":".","potentialAction":[{"@type":"SearchAction","target":{"@type":"EntryPoint","urlTemplate":"https:\/\/www.univeris.com\/fr\/?s={search_term_string}"},"query-input":{"@type":"PropertyValueSpecification","valueRequired":true,"valueName":"search_term_string"}}],"inLanguage":"fr-FR"}]}},"_links":{"self":[{"href":"https:\/\/www.univeris.com\/fr\/wp-json\/wp\/v2\/pages\/2081","targetHints":{"allow":["GET"]}}],"collection":[{"href":"https:\/\/www.univeris.com\/fr\/wp-json\/wp\/v2\/pages"}],"about":[{"href":"https:\/\/www.univeris.com\/fr\/wp-json\/wp\/v2\/types\/page"}],"author":[{"embeddable":true,"href":"https:\/\/www.univeris.com\/fr\/wp-json\/wp\/v2\/users\/3"}],"replies":[{"embeddable":true,"href":"https:\/\/www.univeris.com\/fr\/wp-json\/wp\/v2\/comments?post=2081"}],"version-history":[{"count":0,"href":"https:\/\/www.univeris.com\/fr\/wp-json\/wp\/v2\/pages\/2081\/revisions"}],"up":[{"embeddable":true,"href":"https:\/\/www.univeris.com\/fr\/wp-json\/wp\/v2\/pages\/2080"}],"wp:attachment":[{"href":"https:\/\/www.univeris.com\/fr\/wp-json\/wp\/v2\/media?parent=2081"}],"curies":[{"name":"wp","href":"https:\/\/api.w.org\/{rel}","templated":true}]}}